{"id":1022,"date":"2023-02-08T10:23:55","date_gmt":"2023-02-08T09:23:55","guid":{"rendered":"http:\/\/staging.zweiradperle.hamburg\/?page_id=1022"},"modified":"2024-02-28T13:55:27","modified_gmt":"2024-02-28T12:55:27","slug":"merci","status":"publish","type":"page","link":"https:\/\/zweiradperle.hamburg\/fr\/radtour-buchen\/danke\/","title":{"rendered":"Merci"},"content":{"rendered":"<section class=\"bde-section-1022-100 bde-section\">\n  \n  \n\t\n\n\n\n<div class=\"section-container\"><div class=\"bde-columns-1022-103 bde-columns\"><div class=\"bde-column-1022-104 bde-column\">\n  \n  \n\t\n\n\n\n<div class=\"bde-rich-text-1022-102 bde-rich-text breakdance-rich-text-styles\">\n<h2>Bonjour,<\/h2>\n<p>Nous vous remercions de votre demande et de l'int\u00e9r\u00eat que vous portez \u00e0 nos circuits ou \u00e0 nos v\u00e9los.<\/p>\n<p>Veuillez noter que les demandes de r\u00e9servation ne sont pas possibles par e-mail ou par t\u00e9l\u00e9phone. S'il s'agit d'une demande de r\u00e9servation concr\u00e8te, vous pouvez le faire tr\u00e8s facilement via notre boutique en ligne. Si vous avez des questions, n'h\u00e9sitez pas \u00e0 nous contacter par t\u00e9l\u00e9phone de 10h \u00e0 18h :<\/p>\n<p><a href=\"tel:+494030373474\" target=\"_self\"><strong>(040 \/\u00a0 30 37 34 74)<\/strong><\/a><\/p>\n<p>Salutations hans\u00e9atiques<\/p>\n<p>Perle des deux roues<\/p>\n<\/div>\n<\/div><div class=\"bde-column-1022-105 bde-column\">\n  \n  \n\t\n\n\n\n<div class=\"bde-rich-text-1022-106 bde-rich-text breakdance-rich-text-styles\">\n<h2>Toujours \u00eatre au courant<\/h2>\n<p class=\"translation-block\">Restez inform\u00e9 et suivez-nous sur <a href=\"https:\/\/www.facebook.com\/Zweiradperle\/\" target=\"_self\">Facebook<\/a>.<\/p>\n<\/div><div class=\"bde-image-1022-107 bde-image\">\n<figure class=\"breakdance-image breakdance-image--1031\">\n\t<div class=\"breakdance-image-container\">\n\t\t<div class=\"breakdance-image-clip\"><img loading=\"lazy\" decoding=\"async\" class=\"breakdance-image-object\" src=\"https:\/\/zweiradperle.hamburg\/wp-content\/uploads\/2023\/02\/slider_radtour-768x298.jpg\" width=\"768\" height=\"298\" srcset=\"https:\/\/zweiradperle.hamburg\/wp-content\/uploads\/2023\/02\/slider_radtour-768x298.jpg 768w, https:\/\/zweiradperle.hamburg\/wp-content\/uploads\/2023\/02\/slider_radtour-300x116.jpg 300w, https:\/\/zweiradperle.hamburg\/wp-content\/uploads\/2023\/02\/slider_radtour.jpg 980w\" sizes=\"auto, (max-width: 768px) 100vw, 768px\"><\/div>\n\t<\/div><\/figure>\n\n<\/div>\n<\/div><\/div><\/div>\n<\/section>","protected":false},"excerpt":{"rendered":"<p>Hallo, vielen Dank f\u00fcr deine Anfrage und das Interesse an unseren Touren bzw. Fahrr\u00e4dern. Bitte beachte, dass Reservierungsw\u00fcnsche nicht per Mail oder Telefon m\u00f6glich sind. Sofern es um einen konkreten Buchungswunsch geht, kannst Du dies ganz bequem \u00fcber unseren Onlineshop vornehmen. Bei Fragen dazu stehen wir nat\u00fcrlich gern zur Verf\u00fcgung, von 10-18 Uhr t\u00e4glich auch [&hellip;]<\/p>\n","protected":false},"author":3,"featured_media":0,"parent":627,"menu_order":0,"comment_status":"closed","ping_status":"closed","template":"","meta":{"_breakdance_hide_in_design_set":false,"_breakdance_tags":"","footnotes":""},"class_list":["post-1022","page","type-page","status-publish","hentry"],"_links":{"self":[{"href":"https:\/\/zweiradperle.hamburg\/fr\/wp-json\/wp\/v2\/pages\/1022","targetHints":{"allow":["GET"]}}],"collection":[{"href":"https:\/\/zweiradperle.hamburg\/fr\/wp-json\/wp\/v2\/pages"}],"about":[{"href":"https:\/\/zweiradperle.hamburg\/fr\/wp-json\/wp\/v2\/types\/page"}],"author":[{"embeddable":true,"href":"https:\/\/zweiradperle.hamburg\/fr\/wp-json\/wp\/v2\/users\/3"}],"replies":[{"embeddable":true,"href":"https:\/\/zweiradperle.hamburg\/fr\/wp-json\/wp\/v2\/comments?post=1022"}],"version-history":[{"count":0,"href":"https:\/\/zweiradperle.hamburg\/fr\/wp-json\/wp\/v2\/pages\/1022\/revisions"}],"up":[{"embeddable":true,"href":"https:\/\/zweiradperle.hamburg\/fr\/wp-json\/wp\/v2\/pages\/627"}],"wp:attachment":[{"href":"https:\/\/zweiradperle.hamburg\/fr\/wp-json\/wp\/v2\/media?parent=1022"}],"curies":[{"name":"wp","href":"https:\/\/api.w.org\/{rel}","templated":true}]}}