{"id":866,"date":"2023-02-07T14:00:22","date_gmt":"2023-02-07T13:00:22","guid":{"rendered":"http:\/\/staging.zweiradperle.hamburg\/?page_id=866"},"modified":"2026-02-26T19:34:34","modified_gmt":"2026-02-26T18:34:34","slug":"tour-de-classe","status":"publish","type":"page","link":"https:\/\/zweiradperle.hamburg\/fr\/radtouren\/schuklassen-tour\/","title":{"rendered":"Tour de classe"},"content":{"rendered":"<section class=\"bde-section-866-100 bde-section\">\n  \n  \n\t\n\n\n\n<div class=\"section-container\"><div class=\"bde-basicslider-866-101 bde-basicslider\">\n<div class=\"breakdance-swiper-wrapper\" data-swiper-id=\"101\">\n    <div class=\"swiper\">\n      <div class=\"swiper-wrapper\">\n      \n\t                    \n        <div class=\"swiper-slide\">\n          <div class=\"bde-basicslider__slide\">\n              <div class=\"bde-basicslider__content\">\n                                    <div class=\"bde-basicslider__text\">\n              <p>Tour \u00e0 v\u00e9lo pour les \u00e9coles<\/p>\n            <\/div>\n                                    <\/div>\n\n\t\t\t\t\t\t          <img loading=\"lazy\" decoding=\"async\" class=\"breakdance-image-object bde-basicslider__image\" src=\"https:\/\/zweiradperle.hamburg\/wp-content\/uploads\/2023\/02\/hamburg-fahrradtour-schulklasse-header-768x317.jpg\" width=\"768\" height=\"317\" srcset=\"https:\/\/zweiradperle.hamburg\/wp-content\/uploads\/2023\/02\/hamburg-fahrradtour-schulklasse-header-768x317.jpg 768w, https:\/\/zweiradperle.hamburg\/wp-content\/uploads\/2023\/02\/hamburg-fahrradtour-schulklasse-header-300x124.jpg 300w, https:\/\/zweiradperle.hamburg\/wp-content\/uploads\/2023\/02\/hamburg-fahrradtour-schulklasse-header.jpg 970w\" sizes=\"auto, (max-width: 768px) 100vw, 768px\">\n\t\t\t\n          <\/div>\n        <\/div>\n       \n      <\/div>\n    <\/div>\n        \n            <div class=\"swiper-pagination\"><\/div>\n    \n<\/div>\n\n<\/div><\/div>\n<\/section><section class=\"bde-section-866-102 bde-section\">\n  \n  \n\t\n\n\n\n<div class=\"section-container\"><div class=\"bde-columns-866-103 bde-columns\"><div class=\"bde-column-866-104 bde-column\">\n  \n  \n\t\n\n\n\n\n<\/div><div class=\"bde-column-866-109 bde-column\">\n  \n  \n\t\n\n\n\n<div class=\"bde-columns-866-110 bde-columns\"><div class=\"bde-column-866-157 bde-column\">\n  \n  \n\t\n\n\n\n\n<\/div><\/div>\n<\/div><\/div><\/div>\n<\/section>","protected":false},"excerpt":{"rendered":"<p>Tour \u00e0 v\u00e9lo pour les \u00e9coles<\/p>","protected":false},"author":3,"featured_media":0,"parent":714,"menu_order":9,"comment_status":"closed","ping_status":"closed","template":"","meta":{"_breakdance_hide_in_design_set":false,"_breakdance_tags":"","footnotes":""},"class_list":["post-866","page","type-page","status-publish","hentry"],"_links":{"self":[{"href":"https:\/\/zweiradperle.hamburg\/fr\/wp-json\/wp\/v2\/pages\/866","targetHints":{"allow":["GET"]}}],"collection":[{"href":"https:\/\/zweiradperle.hamburg\/fr\/wp-json\/wp\/v2\/pages"}],"about":[{"href":"https:\/\/zweiradperle.hamburg\/fr\/wp-json\/wp\/v2\/types\/page"}],"author":[{"embeddable":true,"href":"https:\/\/zweiradperle.hamburg\/fr\/wp-json\/wp\/v2\/users\/3"}],"replies":[{"embeddable":true,"href":"https:\/\/zweiradperle.hamburg\/fr\/wp-json\/wp\/v2\/comments?post=866"}],"version-history":[{"count":1,"href":"https:\/\/zweiradperle.hamburg\/fr\/wp-json\/wp\/v2\/pages\/866\/revisions"}],"predecessor-version":[{"id":37811,"href":"https:\/\/zweiradperle.hamburg\/fr\/wp-json\/wp\/v2\/pages\/866\/revisions\/37811"}],"up":[{"embeddable":true,"href":"https:\/\/zweiradperle.hamburg\/fr\/wp-json\/wp\/v2\/pages\/714"}],"wp:attachment":[{"href":"https:\/\/zweiradperle.hamburg\/fr\/wp-json\/wp\/v2\/media?parent=866"}],"curies":[{"name":"wp","href":"https:\/\/api.w.org\/{rel}","templated":true}]}}